{"id":1904,"date":"2021-05-06T20:55:32","date_gmt":"2021-05-06T23:55:32","guid":{"rendered":"https:\/\/lekaplas.com.br\/?post_type=product&#038;p=1904"},"modified":"2021-05-06T20:58:23","modified_gmt":"2021-05-06T23:58:23","slug":"carrinho-de-mala-em-aluminio-telescopico","status":"publish","type":"product","link":"https:\/\/lekaplas.com.br\/index.php\/produto\/carrinho-de-mala-em-aluminio-telescopico\/","title":{"rendered":"Carrinho de Mala em Alum\u00ednio Telesc\u00f3pico"},"content":{"rendered":"<p>Carrinho de Mala em Alum\u00ednio Telesc\u00f3pico<\/p>\n","protected":false},"excerpt":{"rendered":"<p>Carrinho de Mala em Alum\u00ednio Telesc\u00f3pico<\/p>\n","protected":false},"featured_media":0,"comment_status":"closed","ping_status":"closed","template":"","meta":[],"_links":{"self":[{"href":"https:\/\/lekaplas.com.br\/index.php\/wp-json\/wp\/v2\/product\/1904"}],"collection":[{"href":"https:\/\/lekaplas.com.br\/index.php\/wp-json\/wp\/v2\/product"}],"about":[{"href":"https:\/\/lekaplas.com.br\/index.php\/wp-json\/wp\/v2\/types\/product"}],"replies":[{"embeddable":true,"href":"https:\/\/lekaplas.com.br\/index.php\/wp-json\/wp\/v2\/comments?post=1904"}],"wp:attachment":[{"href":"https:\/\/lekaplas.com.br\/index.php\/wp-json\/wp\/v2\/media?parent=1904"}],"curies":[{"name":"wp","href":"https:\/\/api.w.org\/{rel}","templated":true}]}}