{"id":1893,"date":"2021-05-06T20:26:31","date_gmt":"2021-05-06T23:26:31","guid":{"rendered":"https:\/\/lekaplas.com.br\/?post_type=product&#038;p=1893"},"modified":"2021-05-06T20:43:06","modified_gmt":"2021-05-06T23:43:06","slug":"carrinho-de-mala-strong-sem-botao-padrao","status":"publish","type":"product","link":"https:\/\/lekaplas.com.br\/index.php\/produto\/carrinho-de-mala-strong-sem-botao-padrao\/","title":{"rendered":"Carrinho de Mala em Alum\u00ednio Strong Sem Bot\u00e3o"},"content":{"rendered":"<p>Carrinho de Mala em Alum\u00ednio Strong Sem Bot\u00e3o<\/p>\n","protected":false},"excerpt":{"rendered":"<p>Carrinho de Mala em Alum\u00ednio Strong Sem Bot\u00e3o<\/p>\n","protected":false},"featured_media":0,"comment_status":"closed","ping_status":"closed","template":"","meta":[],"_links":{"self":[{"href":"https:\/\/lekaplas.com.br\/index.php\/wp-json\/wp\/v2\/product\/1893"}],"collection":[{"href":"https:\/\/lekaplas.com.br\/index.php\/wp-json\/wp\/v2\/product"}],"about":[{"href":"https:\/\/lekaplas.com.br\/index.php\/wp-json\/wp\/v2\/types\/product"}],"replies":[{"embeddable":true,"href":"https:\/\/lekaplas.com.br\/index.php\/wp-json\/wp\/v2\/comments?post=1893"}],"wp:attachment":[{"href":"https:\/\/lekaplas.com.br\/index.php\/wp-json\/wp\/v2\/media?parent=1893"}],"curies":[{"name":"wp","href":"https:\/\/api.w.org\/{rel}","templated":true}]}}