{"id":1880,"date":"2021-05-06T20:07:38","date_gmt":"2021-05-06T23:07:38","guid":{"rendered":"https:\/\/lekaplas.com.br\/?post_type=product&#038;p=1880"},"modified":"2021-05-06T20:17:14","modified_gmt":"2021-05-06T23:17:14","slug":"carrinho-de-mala-md-1-botao","status":"publish","type":"product","link":"https:\/\/lekaplas.com.br\/index.php\/produto\/carrinho-de-mala-md-1-botao\/","title":{"rendered":"Carrinho de Mala em Alum\u00ednio Modelo 1 com Bot\u00e3o"},"content":{"rendered":"<p>Carrinho de Mala em Alum\u00ednio Modelo 1 com Bot\u00e3o<\/p>\n","protected":false},"excerpt":{"rendered":"<p>Carrinho de Mala em Alum\u00ednio Modelo 1 com Bot\u00e3o<\/p>\n","protected":false},"featured_media":0,"comment_status":"closed","ping_status":"closed","template":"","meta":[],"_links":{"self":[{"href":"https:\/\/lekaplas.com.br\/index.php\/wp-json\/wp\/v2\/product\/1880"}],"collection":[{"href":"https:\/\/lekaplas.com.br\/index.php\/wp-json\/wp\/v2\/product"}],"about":[{"href":"https:\/\/lekaplas.com.br\/index.php\/wp-json\/wp\/v2\/types\/product"}],"replies":[{"embeddable":true,"href":"https:\/\/lekaplas.com.br\/index.php\/wp-json\/wp\/v2\/comments?post=1880"}],"wp:attachment":[{"href":"https:\/\/lekaplas.com.br\/index.php\/wp-json\/wp\/v2\/media?parent=1880"}],"curies":[{"name":"wp","href":"https:\/\/api.w.org\/{rel}","templated":true}]}}